{"id":11,"date":"2024-07-23T09:16:47","date_gmt":"2024-07-23T07:16:47","guid":{"rendered":"http:\/\/pua.arch.pk.edu.pl\/?page_id=11"},"modified":"2026-03-12T08:26:08","modified_gmt":"2026-03-12T07:26:08","slug":"informacje","status":"publish","type":"page","link":"https:\/\/pua.arch.pk.edu.pl\/index.php\/informacje\/","title":{"rendered":"O CZASOPI\u015aMIE"},"content":{"rendered":"<h4><strong>PUA &#8211; Przestrze\u0144 \/ Urbanistyka \/ Architektura<\/strong><\/h4>\n<p>to czasopismo ukazuj\u0105ce si\u0119 w obecnej formie od 2017 roku. Po\u015bwi\u0119cone jest szeroko rozumianej problematyce zwi\u0105zanej z dyscyplin\u0105 naukow\u0105 architektura u urbanistyka. W ramach czasopisma publikowane s\u0105 artyku\u0142y naukowe uszeregowane wed\u0142ug nast\u0119puj\u0105cej problematyki: urbanistyka, architektura krajobrazu, historia architektury i sztuki pi\u0119kne w architekturze, architektura, planowanie przestrzenne i regionalne. Wydawane s\u0105 2 numery rocznie.<\/p>\n<p id=\"u3696-7\">PUA\u00a0 jest wydawnictwem naukowym. Publikowane s\u0105 w nim wyniki bada\u0144 pracownik\u00f3w instytucji naukowych, dydaktycznych oraz doktorant\u00f3w. Kontynuuje tradycje wydawanych na Politechnice Krakowskiej od kilkudziesi\u0119ciu lat wieloautorskich monografii po\u015bwi\u0119conych podobnej problematyce. W PUA publikowane s\u0105 przede wszystkim teksty w j\u0119zyku polskim, dopuszcza si\u0119 jednak\u017ce publikacje artyku\u0142\u00f3w w j\u0119zyku angielskim.<\/p>\n<p id=\"u3696-10\">Za poziom merytoryczny artyku\u0142\u00f3w odpowiada kolegium redakcyjne, z redaktorem naczelnym prof. drem hab. in\u017c. arch. Mateuszem Gyurkovichem na czele. Ka\u017cdy tekst wysy\u0142any jest do dw\u00f3ch niezale\u017cnych recenzent\u00f3w spoza jednostki macierzystej autora.<\/p>\n<p>Redakcj\u0105 wydawnicz\u0105 zajmuje si\u0119 zesp\u00f3\u0142 Wydawnictwa Politechniki Krakowskiej \u2013 mgr Ma\u0142gorzata Mazur oraz mgr Anna Warzecha.<\/p>\n","protected":false},"excerpt":{"rendered":"<p>PUA &#8211; Przestrze\u0144 \/ Urbanistyka \/ Architektura to czasopismo ukazuj\u0105ce si\u0119 w obecnej formie od 2017 roku. Po\u015bwi\u0119cone jest szeroko rozumianej problematyce zwi\u0105zanej z dyscyplin\u0105 naukow\u0105 architektura u urbanistyka. W ramach czasopisma publikowane s\u0105 artyku\u0142y naukowe uszeregowane wed\u0142ug nast\u0119puj\u0105cej problematyki: urbanistyka, architektura krajobrazu, historia architektury i sztuki pi\u0119kne w architekturze, architektura, planowanie przestrzenne i regionalne. [&hellip;]<\/p>\n","protected":false},"author":1,"featured_media":0,"parent":0,"menu_order":0,"comment_status":"closed","ping_status":"closed","template":"","meta":{"footnotes":""},"class_list":["post-11","page","type-page","status-publish","hentry"],"_links":{"self":[{"href":"https:\/\/pua.arch.pk.edu.pl\/index.php\/wp-json\/wp\/v2\/pages\/11","targetHints":{"allow":["GET"]}}],"collection":[{"href":"https:\/\/pua.arch.pk.edu.pl\/index.php\/wp-json\/wp\/v2\/pages"}],"about":[{"href":"https:\/\/pua.arch.pk.edu.pl\/index.php\/wp-json\/wp\/v2\/types\/page"}],"author":[{"embeddable":true,"href":"https:\/\/pua.arch.pk.edu.pl\/index.php\/wp-json\/wp\/v2\/users\/1"}],"replies":[{"embeddable":true,"href":"https:\/\/pua.arch.pk.edu.pl\/index.php\/wp-json\/wp\/v2\/comments?post=11"}],"version-history":[{"count":31,"href":"https:\/\/pua.arch.pk.edu.pl\/index.php\/wp-json\/wp\/v2\/pages\/11\/revisions"}],"predecessor-version":[{"id":148,"href":"https:\/\/pua.arch.pk.edu.pl\/index.php\/wp-json\/wp\/v2\/pages\/11\/revisions\/148"}],"wp:attachment":[{"href":"https:\/\/pua.arch.pk.edu.pl\/index.php\/wp-json\/wp\/v2\/media?parent=11"}],"curies":[{"name":"wp","href":"https:\/\/api.w.org\/{rel}","templated":true}]}}