{"id":13,"date":"2024-07-23T09:17:46","date_gmt":"2024-07-23T07:17:46","guid":{"rendered":"http:\/\/pua.arch.pk.edu.pl\/?page_id=13"},"modified":"2024-08-27T10:50:02","modified_gmt":"2024-08-27T08:50:02","slug":"rada-naukowa","status":"publish","type":"page","link":"https:\/\/pua.arch.pk.edu.pl\/index.php\/rada-naukowa\/","title":{"rendered":"Rada Naukowa"},"content":{"rendered":"<h3>Redaktor naczelny<\/h3>\n<p>Mateusz Gyurkovich<\/p>\n<p>&nbsp;<\/p>\n<h3>Rada Naukowa<\/h3>\n<p><strong>Przewodnicz\u0105cy Kolegium Redakcyjnego Wydawnictwa Politechniki Krakowskiej<\/strong><br \/>\nTomasz Kapecki, Politechnika Krakowska, Polska<\/p>\n<p><strong>Przewodnicz\u0105cy Kolegium Redakcyjnego Wydawnictw Naukowych<\/strong><br \/>\nJacek Pietraszek, Politechnika Krakowska, Polska<\/p>\n<p>&nbsp;<\/p>\n<p><strong>Cz\u0142onkowie Rady Naukowej PUA<\/strong><\/p>\n<p>J\u00falia Maria Brand\u00e3o Barbosa Louren\u00e7o, Universidade do Minho, Portugalia<br \/>\nMario Cerasoli, Sapienza Universita di Roma, W\u0142ochy<br \/>\nDavid Fox, University of Tennessee, USA<br \/>\nBarbara Gronostajska, Politechnika Wroc\u0142awska, Polska<br \/>\nMatev\u017e Juvan\u010di\u010d, University of Ljubliana, S\u0142owenia<br \/>\nThomas Kauertz, HAWK University of Applied Sciences, Niemcy<br \/>\nJustyna Kobylarczyk, Politechnika Krakowska, Polska<br \/>\nOlha Kryvoruchko, Narodowy Uniwersytet Politechnika Lwowska, Ukraina<br \/>\nZina Macri, Ion Mincu University of Architekture &amp; Urbanism, Rumunia<br \/>\nJustyna Martyniuk-P\u0119czek, Politechnika Gda\u0144ska, Polska<br \/>\nZbigniew W. Paszkowski, Krakowska Akademia im. A. Frycza Modrzewskiego, Polska<br \/>\nKatarzyna Pluta, Politechnika Warszawska, Polska<br \/>\nEstanislau Roca, ETSAB, UPC, Barcelona-TECH, Hiszpania<br \/>\nAdolf Sotoca, ETSAV, UPC Barcelona TECH, Hiszpania<\/p>\n<p>&nbsp;<\/p>\n","protected":false},"excerpt":{"rendered":"<p>Redaktor naczelny Mateusz Gyurkovich &nbsp; Rada Naukowa Przewodnicz\u0105cy Kolegium Redakcyjnego Wydawnictwa Politechniki Krakowskiej Tomasz Kapecki, Politechnika Krakowska, Polska Przewodnicz\u0105cy Kolegium Redakcyjnego Wydawnictw Naukowych Jacek Pietraszek, Politechnika Krakowska, Polska &nbsp; Cz\u0142onkowie Rady Naukowej PUA J\u00falia Maria Brand\u00e3o Barbosa Louren\u00e7o, Universidade do Minho, Portugalia Mario Cerasoli, Sapienza Universita di Roma, W\u0142ochy David Fox, University of Tennessee, USA [&hellip;]<\/p>\n","protected":false},"author":1,"featured_media":0,"parent":0,"menu_order":0,"comment_status":"closed","ping_status":"closed","template":"","meta":{"footnotes":""},"class_list":["post-13","page","type-page","status-publish","hentry"],"_links":{"self":[{"href":"https:\/\/pua.arch.pk.edu.pl\/index.php\/wp-json\/wp\/v2\/pages\/13","targetHints":{"allow":["GET"]}}],"collection":[{"href":"https:\/\/pua.arch.pk.edu.pl\/index.php\/wp-json\/wp\/v2\/pages"}],"about":[{"href":"https:\/\/pua.arch.pk.edu.pl\/index.php\/wp-json\/wp\/v2\/types\/page"}],"author":[{"embeddable":true,"href":"https:\/\/pua.arch.pk.edu.pl\/index.php\/wp-json\/wp\/v2\/users\/1"}],"replies":[{"embeddable":true,"href":"https:\/\/pua.arch.pk.edu.pl\/index.php\/wp-json\/wp\/v2\/comments?post=13"}],"version-history":[{"count":5,"href":"https:\/\/pua.arch.pk.edu.pl\/index.php\/wp-json\/wp\/v2\/pages\/13\/revisions"}],"predecessor-version":[{"id":104,"href":"https:\/\/pua.arch.pk.edu.pl\/index.php\/wp-json\/wp\/v2\/pages\/13\/revisions\/104"}],"wp:attachment":[{"href":"https:\/\/pua.arch.pk.edu.pl\/index.php\/wp-json\/wp\/v2\/media?parent=13"}],"curies":[{"name":"wp","href":"https:\/\/api.w.org\/{rel}","templated":true}]}}