{"id":15,"date":"2024-07-23T09:18:34","date_gmt":"2024-07-23T07:18:34","guid":{"rendered":"http:\/\/pua.arch.pk.edu.pl\/?page_id=15"},"modified":"2025-12-10T11:20:08","modified_gmt":"2025-12-10T10:20:08","slug":"recenzenci","status":"publish","type":"page","link":"https:\/\/pua.arch.pk.edu.pl\/index.php\/recenzenci\/","title":{"rendered":"Recenzenci"},"content":{"rendered":"<div class=\"su-accordion su-u-trim\">\n<div class=\"su-spoiler su-spoiler-style-default su-spoiler-icon-arrow su-spoiler-closed\" data-scroll-offset=\"0\" data-anchor-in-url=\"no\"><div class=\"su-spoiler-title\" tabindex=\"0\" role=\"button\"><span class=\"su-spoiler-icon\"><\/span>LISTA RECENZENT\u00d3W 2017<\/div><div class=\"su-spoiler-content su-u-clearfix su-u-trim\">\nEl\u017cbieta Kusi\u0144ska, Politechnika Krakowska, Polska<\/p>\n<p>Katarzyna Hodor, Politechnika Krakowska, Polska<\/p>\n<p>Artur Jasi\u0144ski, Krakowska Akademia im. Andrzeja Frycza Modrzewskiego, Polska<\/p>\n<p>Tomasz Koz\u0142owski, Politechnika Krakowska, Polska<\/p>\n<p>Katarzyna \u0141akomy, Politechnika Krakowska, Polska<\/p>\n<p>Maciej Bonawentura Pawlicki, Podhala\u0144ska Pa\u0144stwowa Wy\u017csza Szko\u0142a Zawodowa w Nowym Targu, Polska<\/p>\n<p>El\u017cbieta Przesmycka, Politechnika Wroc\u0142awska, Polska<\/p>\n<p>Adam Maria Szymski, Zachodniopomorski Uniwersytet Technologiczny w Szczecinie, Polska<\/p>\n<p>Agata Zachariasz, Politechnika Krakowska, Polska<br \/>\n<\/div><\/div>\n<div class=\"su-spoiler su-spoiler-style-default su-spoiler-icon-arrow su-spoiler-closed\" data-scroll-offset=\"0\" data-anchor-in-url=\"no\"><div class=\"su-spoiler-title\" tabindex=\"0\" role=\"button\"><span class=\"su-spoiler-icon\"><\/span>LISTA RECENZENT\u00d3W 2018<\/div><div class=\"su-spoiler-content su-u-clearfix su-u-trim\">\nKrzysztof Bieda, Podhala\u0144ska Pa\u0144stwowa Wy\u017csza Szko\u0142a Zawodowa, Polska<\/p>\n<p>Agata Bonenberg, Politecnico di Milano, W\u0142ochy<\/p>\n<p>Ewa Cichy-Pazder, Politechnika \u015awi\u0119tokrzyska, Polska<\/p>\n<p>Jan Wincenty Dobrowolski, Akademia G\u00f3rniczo-Hutnicza, Polska<\/p>\n<p>Patrycja Haupt, Politechnika Krakowska, Polska<\/p>\n<p>Katarzyna Hodor, Politechnika Krakowska, Polska<\/p>\n<p>El\u017cbieta Kaczmarska, Krakowska Akademia im. A. Frycza-Modrzewskiego, Polska<\/p>\n<p>Justyna Kobylarczyk, Politechnika Krakowska, Polska<\/p>\n<p>Katarzyna Pluta, Politechnika Warszawska, Polska<\/p>\n<p>Magdalena Rzeszotarska-Pa\u0142ka, Zachodniopomorski Uniwersytet Techniczny, Polska<\/p>\n<p>Ewa Stachura, Pa\u0144stwowa Wy\u017csza Szko\u0142a Zawodowa w Raciborzu, Polska<\/p>\n<p>Jadwiga \u015arodulska-Wielgus, Politechnika Krakowska, Polska<\/p>\n<p>El\u017cbieta W\u0119c\u0142awowicz-Bilska, Politechnika Krakowska, Polska<\/p>\n<p>Jan Wrana, Politechnika Lubelska, Polska<br \/>\n<\/div><\/div>\n<div class=\"su-spoiler su-spoiler-style-default su-spoiler-icon-arrow su-spoiler-closed\" data-scroll-offset=\"0\" data-anchor-in-url=\"no\"><div class=\"su-spoiler-title\" tabindex=\"0\" role=\"button\"><span class=\"su-spoiler-icon\"><\/span>LISTA RECENZENT\u00d3W 2019<\/div><div class=\"su-spoiler-content su-u-clearfix su-u-trim\">\nAmjad Almuased, Ion Mincu University, Bucharest, Rumunia<\/p>\n<p>Sebastian Bernat, Uniwersytet Marii Curie-Sk\u0142odowskiej w Lublinie, Polska<\/p>\n<p>Joanna Dudek, Politechnika Rzeszowska, Polska<\/p>\n<p>Tomasz Grzelakowski, Politechnika \u0141\u00f3dzka, Polska<\/p>\n<p>Yulia Ivashko, Kijowski Narodowy Uniwersytet Budownictwa i Architektury, Ukraina<\/p>\n<p>Justyna Kobylarczyk, Politechnika Krakowska, Polska<\/p>\n<p>Micha\u0142 Krupa, Politechnika Krakowska, Polska<\/p>\n<p>Dominika Ku\u015bnierz-Krupa, Politechnika Krakowska, Polska<\/p>\n<p>Justyna Martyniuk-P\u0119czek, Politechnika Gda\u0144ska, Polska<\/p>\n<p>Katarzyna Pluta, Politechnika Warszawska, Polska<\/p>\n<p>Kinga Raco\u0144-Leja, Politechnika Krakowska, Polska<\/p>\n<p>K.V. Suryabhagavan, Addis Abeba Univeristy, Etiopia<\/p>\n<p>Zdzis\u0142awa To\u0142\u0142oczko, profesor emeritus, Politechnika Krakowska, Polska<br \/>\n<\/div><\/div>\n<div class=\"su-spoiler su-spoiler-style-default su-spoiler-icon-arrow su-spoiler-closed\" data-scroll-offset=\"0\" data-anchor-in-url=\"no\"><div class=\"su-spoiler-title\" tabindex=\"0\" role=\"button\"><span class=\"su-spoiler-icon\"><\/span>LISTA RECENZENT\u00d3W 2020<\/div><div class=\"su-spoiler-content su-u-clearfix su-u-trim\">\nJoanna Dudek, Politechnika Rzeszowska, Polska<\/p>\n<p>Krzysztof Ingarden, Krakowska Akademia im. A. Frycza-Modrzewskiego, Polska<\/p>\n<p>Anna Januchta-Szostak, Politechnika Pozna\u0144ska, Pozna\u0144<\/p>\n<p>Artur Jasi\u0144ski, Krakowska Akademia im. A. Frycza-Modrzewskiego, Polska<\/p>\n<p>El\u017cbieta Kaczmarska, Krakowska Akademia im. A. Frycza-Modrzewskiego, Polska<\/p>\n<p>Yuriy Kryvoruchko, Politechnika Lwowska, Polska<\/p>\n<p>Dominika Ku\u015bnierz-Krupa, Politechnika Krakowska, Polska<\/p>\n<p>Cecilia Maria Roberta Luschi, University of Florence, W\u0142ochy<\/p>\n<p>Maciej Motak, Politechnika Krakowska, Polska<\/p>\n<p>Dominika Pazder, Politechnika Pozna\u0144ska, Pozna\u0144<\/p>\n<p>Katarzyna Pluta, Politechnika Warszawska, Polska<\/p>\n<p>Magdalena Rzeszotarska-Pa\u0142ka, Zachodniopomorski Uniwersytet Technologiczny w Szczecinie, Polska<\/p>\n<p>Micha\u0142 Stangel, Politechnika \u015al\u0105ska, Polska<\/p>\n<p>Anton C. van Vollenhoven, North-West University, Potchefstroom, RPA<\/p>\n<p>Magdalena Wilkosz-Mamcarczyk, Uniwersytet Rolniczy w Krakowie, Polska<br \/>\n<\/div><\/div>\n<div class=\"su-spoiler su-spoiler-style-default su-spoiler-icon-arrow su-spoiler-closed\" data-scroll-offset=\"0\" data-anchor-in-url=\"no\"><div class=\"su-spoiler-title\" tabindex=\"0\" role=\"button\"><span class=\"su-spoiler-icon\"><\/span>LISTA RECENZENT\u00d3W 2021<\/div><div class=\"su-spoiler-content su-u-clearfix su-u-trim\">\nMaria Katarzyna Banasik-Petri, Krakowska Akademia im. Andrzeja Frycza-Modrzewskiego, Polska<\/p>\n<p>Rafa\u0142 Blazy, Politechnika Krakowska, Polska<\/p>\n<p>Beata Giba\u0142a-Kapecka, Akademia Sztuk Pi\u0119knych w Krakowie, Polska<\/p>\n<p>Joanna Gil-Mastalerczyk, Politechnika \u015awi\u0119tokrzyska, Polska<\/p>\n<p>Tomasz Grzelakowski, Politechnika \u0141\u00f3dzka, Polska<\/p>\n<p>Joanna Ha\u0144derek, Uniwersytet Jagiello\u0144ski, Polska<\/p>\n<p>Gra\u017cyna Hryncewicz-Lamber, Politechnika Wroc\u0142awska, Polska<\/p>\n<p>Yulia Ivashko, Kijowski Narodowy Uniwersytet Budownictwa i Architektury, Ukraina<\/p>\n<p>Agnieszka K\u0142opotowska, Politechnika Bia\u0142ostocka, Polska<\/p>\n<p>Anita Pawlak-Jakubowska, Politechnika \u015al\u0105ska, Polska<\/p>\n<p>Damian Poklewski-Kozie\u0142\u0142, Politechnika Krakowska, Polska<\/p>\n<p>Wac\u0142aw Seruga, Politechnika \u015awi\u0119tokrzyska, Polska<\/p>\n<p>Anna Sikora, Politechnika Rzeszowska, Polska<\/p>\n<p>Marta Skiba, Uniwersytet Zielonog\u00f3rski, Polska<\/p>\n<p>Dorota Wantuch-Matla, Uniwersytet Pedagogiczny im. Komisji Edukacji Narodowej w Krakowie, Polska<\/p>\n<p>Ma\u0142gorzata Wijas, Politechnika \u015awi\u0119tokrzyska, Polska<\/p>\n<p>W\u0142odzimierz Witkowski, Politechnika \u0141\u00f3dzka, Polska<br \/>\n<\/div><\/div>\n<div class=\"su-spoiler su-spoiler-style-default su-spoiler-icon-arrow su-spoiler-closed\" data-scroll-offset=\"0\" data-anchor-in-url=\"no\"><div class=\"su-spoiler-title\" tabindex=\"0\" role=\"button\"><span class=\"su-spoiler-icon\"><\/span>LISTA RECENZENT\u00d3W 2022<\/div><div class=\"su-spoiler-content su-u-clearfix su-u-trim\">\nKatarzyna Banasik-Petri, Krakowska Akademia im. Andrzeja Frycza-Modrzewskiego, Polska<\/p>\n<p>Agata Gawlak, Politechnika \u015al\u0105ska, Polska<\/p>\n<p>Tomasz Grzelakowski, Politechnika \u0141\u00f3dzka, Polska<\/p>\n<p>Katarzyna Hodor, Politechnika Krakowska, Polska<\/p>\n<p>Yulia Ivashko, Kijowski Narodowy Uniwersytet Budownictwa i Architektury, Ukraina<\/p>\n<p>Dorota Jopek, Uniwersytet Ekonomiczny w Krakowie, Polska<\/p>\n<p>Olha Kryvoruchko, Uniwersytet Narodowy Politechnika Lwowska, Ukraina<\/p>\n<p>Anna Martyka, Politechnika Rzeszowska, Polska<\/p>\n<p>Agnieszka Matusik, Politechnika Krakowska, Polska<\/p>\n<p>Barbara Olczak, Uniwersytet Rolniczy w Krakowie, Polska<\/p>\n<p>Kinga Palus, Akademia \u015al\u0105ska w Katowicach, Polska<\/p>\n<p>Natalia Przesmycka, Politechnika Lubelska, Polska<\/p>\n<p>Kinga Raco\u0144-Leja, Politechnika Krakowska, Polska<\/p>\n<p>Anna Staniewska, Politechnika Krakowska, Polska<\/p>\n<p>Dorota Wantuch-Matla, Uniwersytet Pedagogiczny w Krakowie, Polska<\/p>\n<p>Ewa W\u0119c\u0142awowicz-Gyurkovich, Akademia \u015al\u0105ska w Katowicach, Polska<\/p>\n<p>Magdalena Wilkosz-Mamcarczyk, Uniwersytet Rolniczy w Krakowie, Polska<br \/>\n<\/div><\/div>\n<div class=\"su-spoiler su-spoiler-style-default su-spoiler-icon-arrow su-spoiler-closed\" data-scroll-offset=\"0\" data-anchor-in-url=\"no\"><div class=\"su-spoiler-title\" tabindex=\"0\" role=\"button\"><span class=\"su-spoiler-icon\"><\/span>LISTA RECENZENT\u00d3W 2023<\/div><div class=\"su-spoiler-content su-u-clearfix su-u-trim\">\nInna Abramiuk, Uniwersytet Zielonog\u00f3rski, Polska<\/p>\n<p>Magdalena Baborska-Naro\u017cny, Politechnika Wroc\u0142awska, Polska<\/p>\n<p>Agnieszka Ciepiela, Politechnika Krakowska, Polska<\/p>\n<p>Agata Gawlak, Politechnika Pozna\u0144ska, Polska<\/p>\n<p>Pawe\u0142 Horn, Politechnika Wroc\u0142awska, Polska<\/p>\n<p>Hanna Hrehorowicz-Gaber, Politechnika Krakowska, Polska<\/p>\n<p>Yulia Ivashko, Kijowski Narodowy Uniwersytet Budownictwa i Architektury, Ukraina<\/p>\n<p>Lucjan Wac\u0142aw Kamionka, Politechnika \u015awi\u0119tokrzyska, Polska<\/p>\n<p>Beata Komar, Politechnika \u015al\u0105ska, Polska<\/p>\n<p>Jurij Kryvoruchko, Uniwersytet Narodowy Politechnika Lwowska, Ukraina<\/p>\n<p>Olha Kryvoruchko, Uniwersytet Narodowy Politechnika Lwowska, Ukraina<\/p>\n<p>Rita \u0141abuz, Politechnika Krakowska, Polska<\/p>\n<p>Marta \u0141ukasik, Politechnika Krakowska, Polska<\/p>\n<p>Mariusz \u0141ysie\u0144, Politechnika Krakowska, Polska<\/p>\n<p>Dominika Pazder, Politechnika Pozna\u0144ska, Polska<\/p>\n<p>El\u017cbieta Rdzawska-Augustin, Politechnika \u015al\u0105ska, Polska<\/p>\n<p>Anna Sikora, Politechnika Rzeszowska, Polska<\/p>\n<p>Marta Skiba, Uniwersytet Zielonog\u00f3rski, Polska<\/p>\n<p>Ewa Wary\u015b, Politechnika Krakowska, Polska<\/p>\n<p>Magdalena Wilkosz-Mamcarczyk, Uniwersytet Rolniczy w Krakowie, Polska<\/p>\n<p>Magdalena \u017bmudzi\u0144ska-Nowak, Politechnika \u015al\u0105ska, Polska<br \/>\n<\/div><\/div>\n<div class=\"su-spoiler su-spoiler-style-default su-spoiler-icon-arrow su-spoiler-closed\" data-scroll-offset=\"0\" data-anchor-in-url=\"no\"><div class=\"su-spoiler-title\" tabindex=\"0\" role=\"button\"><span class=\"su-spoiler-icon\"><\/span>LISTA RECENZENT\u00d3W 2024<\/div><div class=\"su-spoiler-content su-u-clearfix su-u-trim\">\n<p>Inna Abramiuk, Uniwersytet Zielonog\u00f3rski, Polska<br \/>\nAgnieszka Ciepiela, Politechnika Krakowska, Polska<br \/>\nPiotr Burak-Gajewski, niezale\u017cny naukowiec, Polska<br \/>\nJoanna Dudek, Politechnika Rzeszowska, Polska<br \/>\nMarcin Goncikowski, Politechnika Warszawska, Polska<br \/>\nJacek Gyurkovich, Akademia \u015al\u0105ska, Polska<br \/>\nPatrycja Haupt, Politechnika Krakowska, Polska<br \/>\nArtur Jasi\u0144ski, Krakowska Akademia im. Andrzeja Frycza Modrzewskiego w Krakowie, Polska<br \/>\nLucjan Kamionka, Politechnika \u015awi\u0119tokrzyska, Polska<br \/>\nBartosz Ka\u017amierczak, Politechnika Pozna\u0144ska, Polska<br \/>\nTomasz Krotowski, Politechnika \u0141\u00f3dzka, Polska<br \/>\nWawrzyniec Kuc, Krakowska Akademia im. Andrzeja Frycza Modrzewskiego w Krakowie, Polska<br \/>\nMariusz \u0141ysie\u0144, Politechnika Krakowska, Polska<br \/>\nMa\u0142gorzata Mizia, Akademia \u015al\u0105ska, Polska<br \/>\n\u0141ukasz Pardela, Uniwersytet Przyrodniczy we Wroc\u0142awiu, Polska<br \/>\nMarta Pieczara, Politechnika Pozna\u0144ska, Polska<br \/>\nAleksandra Pilarczyk, Zachodniopomorski Uniwersytet Technologiczny w Szczecinie, Polska<br \/>\nMarek Pocz\u0105tko, Politechnika Krakowska, Polska<br \/>\nBogus\u0142aw Podhala\u0144ski, Akademia Nauk Stosowanych w Nowym Targu, Polska<br \/>\nDamian Poklewski-Kozie\u0142\u0142, Politechnika Krakowska, Polska<br \/>\nBarbara Prus, Uniwersytet Rolniczy w Krakowie, Polska<br \/>\nMagdalena Rzeszotarska-Pa\u0142ka, Zachodniopomorski Uniwersytet Technologiczny<br \/>\nw Szczecinie, Polska<br \/>\nEl\u017cbieta Rdzawska-Augustin, Politechnika \u015al\u0105ska, Polska<br \/>\nWac\u0142aw Seruga, Politechnika \u015awi\u0119tokrzyska, Polska<br \/>\nEliza Sochacka-Sutkowska Zachodniopomorski Uniwersytet Technologiczny w Szczecinie, Polska<br \/>\nAdolf Sotoca, Universitat Polit\u00e8cnica de Catalunya \u2013 Barcelona Tech (UPC), Hiszpania<br \/>\nAneta Synowiec, Politechnika Krakowska, Polska<br \/>\nKarolina Szaton-Orli\u0144ska, Politechnika \u015al\u0105ska, Polska<br \/>\nMa\u0142gorzata Sztubecka, Politechnika Bydgoska, Polska<br \/>\nBarbara Uherek-Bradecka, Akademia \u015al\u0105ska, Polska<br \/>\nEwa Wary\u015b, Politechnika Krakowska, Polska<br \/>\nEwa W\u0119c\u0142awowicz-Gyurkovich, Akademia \u015al\u0105ska, Polska<br \/>\nW\u0142odzimierz Witkowski, Politechnika \u0141\u00f3dzka, Polska<br \/>\nMicha\u0142 Wi\u015bniewski, Uniwersytet Ekonomiczny w Krakowie, Polska<br \/>\nMaciej Z\u0142owodzki, Akademia Nauk Stosowanych w Nowym Targu, Polska<\/p>\n<\/div><\/div>\n<div class=\"su-spoiler su-spoiler-style-default su-spoiler-icon-arrow su-spoiler-closed\" data-scroll-offset=\"0\" data-anchor-in-url=\"no\"><div class=\"su-spoiler-title\" tabindex=\"0\" role=\"button\"><span class=\"su-spoiler-icon\"><\/span>LISTA RECENZENT\u00d3W 2025<\/div><div class=\"su-spoiler-content su-u-clearfix su-u-trim\">\n<p>M. Katarzyna Banasik-Petri, Uniwersytet Andrzeja Frycza Modrzewskiego w Krakowie, Polska<br \/>\nRados\u0142aw Barek, Politechnika Pozna\u0144ska, Polska<br \/>\nBart\u0142omiej Bu\u0142awa, University of Seville, Hiszpania<br \/>\nAgnieszka Ciepiela, Politechnika Krakowska, Polska<br \/>\nJoanna Dudek, Politechnika Rzeszowska, Polska<br \/>\nPiotr Fiuk, Zachodniopomorski Uniwersytet Technologiczny w Szczecinie, Polska<br \/>\nMarcin Furtak, Politechnika Krakowska, Polska<br \/>\nJoanna Gil-Mastalerczyk, Politechnika \u015awi\u0119tokrzyska, Polska<br \/>\nJ\u00f3zefa Gniewek, Uniwersytet Ekonomiczny w Krakowie, Polska<br \/>\nJacek Gyurkovich, Akademia \u015al\u0105ska, Polska<br \/>\nPatrycja Haupt, Politechnika Krakowska, Polska<br \/>\nJakub Heciak, Politechnika Warszawska, Polska<br \/>\nDorota Jopek, Uniwersytet Ekonomiczny w Krakowie, Polska<br \/>\nBeata Kucharczyk-Brus, Politechnika \u015al\u0105ska, Polska<br \/>\nMarceli \u0141asocha, Politechnika Krakowska, Polska<br \/>\nAnna Martyka, Politechnika Rzeszowska, Polska<br \/>\nMa\u0142gorzata Mizia, Akademia \u015al\u0105ska, Polska<br \/>\nRyszard Nakonieczny, Politechnika \u015al\u0105ska, Polska<br \/>\nKinga Palus, Akademia \u015al\u0105ska, Polska<br \/>\nKatarzyna Pluta, Politechnika Warszawska, Polska<br \/>\nBogus\u0142aw Podhala\u0144ski, Uniwersytet Rolniczy w Krakowie, Polska<br \/>\nEl\u017cbieta Rdzawska-Augustin, Politechnika \u015al\u0105ska, Polska<br \/>\nGabriela Rembarz, Politechnika Gda\u0144ska, Polska<br \/>\nGra\u017cyna Schneider-Skalska, Politechnika Krakowska, Polska<br \/>\nAnna Sikora, Politechnika Rzeszowska, Polska<br \/>\nMarta Skiba, Uniwersytet Zielonog\u00f3rski, Polska<br \/>\nKatarzyna Trzyniec, Uniwersytet Ekonomiczny w Krakowie, Polska<br \/>\nEwa Wary\u015b, Politechnika Krakowska, Polska<br \/>\nEwa W\u0119c\u0142awowicz-Gyurkovich, Akademia \u015al\u0105ska, Polska<br \/>\nAnna Wierzbicka, Politechnika Warszawska, Polska<br \/>\nMagdalena Wilkosz-Mamcarczyk, Uniwersytet Rolniczy w Krakowie, Polska<br \/>\nMicha\u0142 Wi\u015bniewski, Uniwersytet Ekonomiczny w Krakowie, Polska<br \/>\nKatarzyna Zielonko-Jung, Politechnika Gda\u0144ska, Polska<br \/>\nMagdalena \u017bmudzi\u0144ska-Nowak, Politechnika \u015al\u0105ska, Polska<\/p>\n<\/div><\/div>\n<\/div>\n","protected":false},"excerpt":{"rendered":"","protected":false},"author":1,"featured_media":0,"parent":0,"menu_order":0,"comment_status":"closed","ping_status":"closed","template":"","meta":{"footnotes":""},"class_list":["post-15","page","type-page","status-publish","hentry"],"_links":{"self":[{"href":"https:\/\/pua.arch.pk.edu.pl\/index.php\/wp-json\/wp\/v2\/pages\/15","targetHints":{"allow":["GET"]}}],"collection":[{"href":"https:\/\/pua.arch.pk.edu.pl\/index.php\/wp-json\/wp\/v2\/pages"}],"about":[{"href":"https:\/\/pua.arch.pk.edu.pl\/index.php\/wp-json\/wp\/v2\/types\/page"}],"author":[{"embeddable":true,"href":"https:\/\/pua.arch.pk.edu.pl\/index.php\/wp-json\/wp\/v2\/users\/1"}],"replies":[{"embeddable":true,"href":"https:\/\/pua.arch.pk.edu.pl\/index.php\/wp-json\/wp\/v2\/comments?post=15"}],"version-history":[{"count":8,"href":"https:\/\/pua.arch.pk.edu.pl\/index.php\/wp-json\/wp\/v2\/pages\/15\/revisions"}],"predecessor-version":[{"id":132,"href":"https:\/\/pua.arch.pk.edu.pl\/index.php\/wp-json\/wp\/v2\/pages\/15\/revisions\/132"}],"wp:attachment":[{"href":"https:\/\/pua.arch.pk.edu.pl\/index.php\/wp-json\/wp\/v2\/media?parent=15"}],"curies":[{"name":"wp","href":"https:\/\/api.w.org\/{rel}","templated":true}]}}