{"id":20,"date":"2024-07-23T09:26:12","date_gmt":"2024-07-23T07:26:12","guid":{"rendered":"http:\/\/pua.arch.pk.edu.pl\/?page_id=20"},"modified":"2026-02-19T11:27:43","modified_gmt":"2026-02-19T10:27:43","slug":"redakcja","status":"publish","type":"page","link":"https:\/\/pua.arch.pk.edu.pl\/index.php\/redakcja\/","title":{"rendered":"Redakcja"},"content":{"rendered":"<h3>REDAKCJA:<\/h3>\n<p><strong>Redaktor naczelny<\/strong><br \/>\nProf. dr hab. in\u017c. arch. Mateusz Gyurkovich (<a href=\"mailto:mgyurkovich@pk.edu.pl\">mgyurkovich@pk.edu.pl<\/a>), Politechnika Krakowska<\/p>\n<p><strong>Zast\u0119pcy redaktora naczelnego<\/strong><br \/>\nProf. Carlos Marmolejo-Duarte (<a href=\"mailto:carlos.marmolejo@upc.edu\">carlos.marmolejo@upc.edu<\/a>), Universitat Polit\u00e8cnica de Catalunya<br \/>\nDr hab. in\u017c. arch. Dominika Pazder, prof. PP (<a href=\"mailto:dominika.pazder@put.poznan.pl\">dominika.pazder@put.poznan.pl<\/a>), Politechnika Pozna\u0144ska<\/p>\n<p>&nbsp;<\/p>\n<h3>Redaktorzy tematyczni<\/h3>\n<p><strong>Urbanistyka<\/strong><br \/>\nDr in\u017c. arch. Agnieszka Matusik (<a href=\"mailto:agnieszka.matusik@pk.edu.pl\">agnieszka.matusik@pk.edu.pl<\/a>), Politechnika Krakowska<br \/>\nDr in\u017c. arch. Agnieszka W\u0142och-Szymla (<a href=\"mailto:wlocha@uek.krakow.pl\">wlocha@uek.krakow.pl<\/a>), Uniwersytet Ekonomiczny w Krakowie<\/p>\n<p><strong>Architektura krajobrazu<\/strong><br \/>\nDr hab. in\u017c. arch. Katarzyna Hodor, prof. PK (<a href=\"mailto:katarzyna.hodor@pk.edu.pl\">katarzyna.hodor@pk.edu.pl<\/a>) , Politechnika Krakowska<br \/>\nDr in\u017c. arch. Joanna Dudek-Klimuk (<a href=\"mailto:joanna_dudek_klimiuk@sgge.edu.pl\">joanna_dudek_klimiuk@sgge.edu.pl<\/a>), Szko\u0142a G\u0142\u00f3wna Gospodarstwa Wiejskiego<\/p>\n<p><strong>Historia architektury i sztuki pi\u0119kne w architekturze<\/strong><br \/>\nDr hab. in\u017c. arch. Beata Makowska, prof. PK (<a href=\"mailto:beata.makowska@pk.edu.pl\">beata.makowska@pk.edu.pl<\/a>), Politechnika Krakowska<br \/>\nDr hab. in\u017c. arch. Beata Komar, prof. P\u015a (<a href=\"mailto:beata.komar@polsl.pl\">beata.komar@polsl.pl<\/a>), Politechnika \u015al\u0105ska<\/p>\n<p><strong>Architektura<\/strong><br \/>\nDr in\u017c. arch. <span class=\"span5\">Bart\u0142omiej Homi\u0144ski<\/span> (<a href=\"mailto:bartlomiej.hominski@pk.edu.pl\">bartlomiej.hominski@pk.edu.pl<\/a>), Politechnika Krakowska<br \/>\nDr in\u017c. arch. Tomasz Grzelakowski (<a href=\"mailto:tomasz.grzelakowski@p.lodz.pl\">tomasz.grzelakowski@p.lodz.pl<\/a>), Politechnika \u0141\u00f3dzka<\/p>\n<p><strong>Planowanie przestrzenne i regionalne<\/strong><br \/>\nDr hab. in\u017c. arch. Matylda Wdowiarz-Bilska, prof. PK (<a href=\"mailto:matylda.wdowiarz-bilska@pk.edu.pl\">matylda.wdowiarz-bilska@pk.edu.pl<\/a>), Politechnika Krakowska<br \/>\nDr hab. in\u017c. arch. Tomasz Bradecki, prof. P\u015a (<a href=\"mailto:tomasz.bradecki@polsl.pl\">tomasz.bradecki@polsl.pl<\/a>), Politechnika \u015al\u0105ska<\/p>\n<p>&nbsp;<\/p>\n<h3>Redakcja wydawnicza<\/h3>\n<p><strong>Sekretarz redakcji<\/strong><br \/>\nSt. red. mgr Ma\u0142gorzata Mazur (<a href=\"mailto:malgorzata.mazur@pk.edu.pl\">malgorzata.mazur@pk.edu.pl<\/a>), Politechnika Krakowska<\/p>\n<p><strong>Opracowanie redakcyjne<\/strong><br \/>\nRed. mgr Anna Warzecha (<a href=\"anna.warzecha@pk.edu.pl\">anna.warzecha@pk.edu.pl<\/a>), Politechnika Krakowska<\/p>\n<p>&nbsp;<\/p>\n","protected":false},"excerpt":{"rendered":"<p>REDAKCJA: Redaktor naczelny Prof. dr hab. in\u017c. arch. Mateusz Gyurkovich (mgyurkovich@pk.edu.pl), Politechnika Krakowska Zast\u0119pcy redaktora naczelnego Prof. Carlos Marmolejo-Duarte (carlos.marmolejo@upc.edu), Universitat Polit\u00e8cnica de Catalunya Dr hab. in\u017c. arch. Dominika Pazder, prof. PP (dominika.pazder@put.poznan.pl), Politechnika Pozna\u0144ska &nbsp; Redaktorzy tematyczni Urbanistyka Dr in\u017c. arch. Agnieszka Matusik (agnieszka.matusik@pk.edu.pl), Politechnika Krakowska Dr in\u017c. arch. Agnieszka W\u0142och-Szymla (wlocha@uek.krakow.pl), Uniwersytet Ekonomiczny [&hellip;]<\/p>\n","protected":false},"author":1,"featured_media":0,"parent":0,"menu_order":0,"comment_status":"closed","ping_status":"closed","template":"","meta":{"footnotes":""},"class_list":["post-20","page","type-page","status-publish","hentry"],"_links":{"self":[{"href":"https:\/\/pua.arch.pk.edu.pl\/index.php\/wp-json\/wp\/v2\/pages\/20","targetHints":{"allow":["GET"]}}],"collection":[{"href":"https:\/\/pua.arch.pk.edu.pl\/index.php\/wp-json\/wp\/v2\/pages"}],"about":[{"href":"https:\/\/pua.arch.pk.edu.pl\/index.php\/wp-json\/wp\/v2\/types\/page"}],"author":[{"embeddable":true,"href":"https:\/\/pua.arch.pk.edu.pl\/index.php\/wp-json\/wp\/v2\/users\/1"}],"replies":[{"embeddable":true,"href":"https:\/\/pua.arch.pk.edu.pl\/index.php\/wp-json\/wp\/v2\/comments?post=20"}],"version-history":[{"count":12,"href":"https:\/\/pua.arch.pk.edu.pl\/index.php\/wp-json\/wp\/v2\/pages\/20\/revisions"}],"predecessor-version":[{"id":146,"href":"https:\/\/pua.arch.pk.edu.pl\/index.php\/wp-json\/wp\/v2\/pages\/20\/revisions\/146"}],"wp:attachment":[{"href":"https:\/\/pua.arch.pk.edu.pl\/index.php\/wp-json\/wp\/v2\/media?parent=20"}],"curies":[{"name":"wp","href":"https:\/\/api.w.org\/{rel}","templated":true}]}}