{"id":6,"date":"2024-07-23T09:10:33","date_gmt":"2024-07-23T07:10:33","guid":{"rendered":"http:\/\/pua.arch.pk.edu.pl\/?page_id=6"},"modified":"2026-02-19T11:00:37","modified_gmt":"2026-02-19T10:00:37","slug":"strona-glowna","status":"publish","type":"page","link":"https:\/\/pua.arch.pk.edu.pl\/","title":{"rendered":"Strona g\u0142\u00f3wna"},"content":{"rendered":"<p style=\"text-align: center;\">Informujemy, \u017ce czasopismo<strong> PRZESTRZE\u0143\/URBANISTYKA\/ARCHITEKTURA<\/strong> uzyska\u0142o 20 punkt\u00f3w na li\u015bcie MNiSW.<\/p>\n<p style=\"text-align: center;\">eISSN 2544-6630 , ISSN 2544-0853<\/p>\n<p style=\"text-align: center;\">Op\u0142ata za publikacj\u0119 w czasopi\u015bmie wynosi 200 z\u0142.<\/p>\n<p style=\"text-align: center;\">PUA jest p\u00f3\u0142rocznikiem. Wydawane s\u0105 2 numery rocznie.<\/p>\n<p>&nbsp;<\/p>\n<h3 id=\"u3089-17\"><span id=\"u3089-16\">Najwa\u017cniejsze informacje:<\/span><\/h3>\n<ul>\n<li>Autor przesy\u0142a artyku\u0142 w dw\u00f3ch wersjach (polsko- i angielskoj\u0119zycznej), do redaktora naczelnego, prof. dra hab. in\u017c. arch. Mateusza Gyurkovicha (<a href=\"mailto:mateusz.gyurkovich@pk.edu.pl\">mateusz.gyurkovich@pk.edu.pl<\/a>). Oba pliki powinny mie\u0107 rozszerzenie .doc lub .docx (pliki Word).\n<ul>\n<li>termin sk\u0142adania artyku\u0142\u00f3w do numeru 1: 31 marca,<\/li>\n<li>termin sk\u0142adania artyku\u0142\u00f3w do numeru 2: 15 wrze\u015bnia.<\/li>\n<\/ul>\n<\/li>\n<li>Recenzje artyku\u0142u trwaj\u0105 3\u20136 tygodni.<\/li>\n<li>Autor ma 2 tygodnie na naniesienie poprawek merytorycznych i odes\u0142anie materia\u0142u do redakcji.<\/li>\n<li>Przy zachowaniu powy\u017cszych termin\u00f3w redakcja wydaje artyku\u0142y:\n<ul>\n<li>do 10 lipca (numer 1),<\/li>\n<li>do 20 grudnia (numer 2).<\/li>\n<\/ul>\n<\/li>\n<\/ul>\n<p>&nbsp;<\/p>\n<p><strong>Artyku\u0142y wydawane s\u0105 (w wersji online) w Repozytorium PK:<\/strong><\/p>\n<p><a href=\"https:\/\/repozytorium.biblos.pk.edu.pl\/resources\/35427\">https:\/\/repozytorium.biblos.pk.edu.pl\/resources\/35427<\/a><\/p>\n<p><strong>Czasopismo PUA jest indeksowane w bazie MOST Wiedzy:<\/strong><\/p>\n<p><a href=\"https:\/\/mostwiedzy.pl\/pl\/magazine\/przestrzen-urbanistyka-architektura,47273-1\">https:\/\/mostwiedzy.pl\/pl\/magazine\/przestrzen-urbanistyka-architektura,47273-1<\/a><\/p>\n","protected":false},"excerpt":{"rendered":"<p>Informujemy, \u017ce czasopismo PRZESTRZE\u0143\/URBANISTYKA\/ARCHITEKTURA uzyska\u0142o 20 punkt\u00f3w na li\u015bcie MNiSW. eISSN 2544-6630 , ISSN 2544-0853 Op\u0142ata za publikacj\u0119 w czasopi\u015bmie wynosi 200 z\u0142. PUA jest p\u00f3\u0142rocznikiem. Wydawane s\u0105 2 numery rocznie. &nbsp; Najwa\u017cniejsze informacje: Autor przesy\u0142a artyku\u0142 w dw\u00f3ch wersjach (polsko- i angielskoj\u0119zycznej), do redaktora naczelnego, prof. dra hab. in\u017c. arch. Mateusza Gyurkovicha (mateusz.gyurkovich@pk.edu.pl). Oba [&hellip;]<\/p>\n","protected":false},"author":1,"featured_media":0,"parent":0,"menu_order":0,"comment_status":"closed","ping_status":"closed","template":"","meta":{"footnotes":""},"class_list":["post-6","page","type-page","status-publish","hentry"],"_links":{"self":[{"href":"https:\/\/pua.arch.pk.edu.pl\/index.php\/wp-json\/wp\/v2\/pages\/6","targetHints":{"allow":["GET"]}}],"collection":[{"href":"https:\/\/pua.arch.pk.edu.pl\/index.php\/wp-json\/wp\/v2\/pages"}],"about":[{"href":"https:\/\/pua.arch.pk.edu.pl\/index.php\/wp-json\/wp\/v2\/types\/page"}],"author":[{"embeddable":true,"href":"https:\/\/pua.arch.pk.edu.pl\/index.php\/wp-json\/wp\/v2\/users\/1"}],"replies":[{"embeddable":true,"href":"https:\/\/pua.arch.pk.edu.pl\/index.php\/wp-json\/wp\/v2\/comments?post=6"}],"version-history":[{"count":8,"href":"https:\/\/pua.arch.pk.edu.pl\/index.php\/wp-json\/wp\/v2\/pages\/6\/revisions"}],"predecessor-version":[{"id":138,"href":"https:\/\/pua.arch.pk.edu.pl\/index.php\/wp-json\/wp\/v2\/pages\/6\/revisions\/138"}],"wp:attachment":[{"href":"https:\/\/pua.arch.pk.edu.pl\/index.php\/wp-json\/wp\/v2\/media?parent=6"}],"curies":[{"name":"wp","href":"https:\/\/api.w.org\/{rel}","templated":true}]}}