{"id":89,"date":"2024-08-26T21:13:16","date_gmt":"2024-08-26T19:13:16","guid":{"rendered":"http:\/\/pua.arch.pk.edu.pl\/?page_id=89"},"modified":"2026-04-14T14:03:26","modified_gmt":"2026-04-14T12:03:26","slug":"dla-autora","status":"publish","type":"page","link":"https:\/\/pua.arch.pk.edu.pl\/index.php\/dla-autora\/","title":{"rendered":"DLA AUTOR\u00d3W"},"content":{"rendered":"<div class=\"su-accordion su-u-trim\">\n<div class=\"su-spoiler su-spoiler-style-default su-spoiler-icon-arrow su-spoiler-closed\" data-scroll-offset=\"0\" data-anchor-in-url=\"no\"><div class=\"su-spoiler-title\" tabindex=\"0\" role=\"button\"><span class=\"su-spoiler-icon\"><\/span>Polityka wydawnicza<\/div><div class=\"su-spoiler-content su-u-clearfix su-u-trim\">\n<p id=\"u3511-2\">Czasopismo PUA publikowane jest w otwartym dost\u0119pie na licencjach Creative Commons BY-SA 4.0.<\/p>\n<p id=\"u3511-4\">Tre\u015bci archiwalne dost\u0119pne s\u0105 na stronie Repozytorium PK.<\/p>\n<p>&nbsp;<\/p>\n<p id=\"u3511-7\"><strong>POLITYKA PRZECIWDZIA\u0141ANIA KONFLIKTOM INTERES\u00d3W:<\/strong><\/p>\n<ul id=\"u3511-23\" class=\"list0 nls-None\">\n<li id=\"u3511-10\">Autorzy nie powinni publikowa\u0107 tekst\u00f3w opisuj\u0105cych te same badania w wi\u0119cej ni\u017c jednym czasopi\u015bmie.<\/li>\n<li id=\"u3511-12\">Zesp\u00f3\u0142 redakcyjny, na podstawie Zasad COPE, mo\u017ce wycofa\u0107 artyku\u0142 z publikacji lub wyrazi\u0107 w\u0105tpliwo\u015bci dotycz\u0105ce jego zawarto\u015bci.<\/li>\n<li id=\"u3511-14\">Nieopublikowane artyku\u0142y nie mog\u0105 by\u0107 bez pisemnej zgody autor\u00f3w wykorzystywane przez cz\u0142onk\u00f3w zespo\u0142u redakcyjnego ani \u017cadne inne osoby uczestnicz\u0105ce w procedurach wydawniczych.<\/li>\n<li id=\"u3511-16\">Zesp\u00f3\u0142 redakcyjny zobowi\u0105zany do zapewnienia sprawiedliwego procesu recenzji.<\/li>\n<li id=\"u3511-18\">Redaktorzy powinni odrzuci\u0107 teksty (zasi\u0119gaj\u0105c rady pozosta\u0142ych cz\u0142onk\u00f3w redakcji), w kt\u00f3rych wyst\u0119puje konflikt interes\u00f3w pomi\u0119dzy autorami, firmami lub (ewentualnie) instytucjami zwi\u0105zanymi z danym czasopismem.<\/li>\n<li id=\"u3511-20\">Recenzenci nie mog\u0105 wykorzystywa\u0107 recenzowanych prac dla swoich osobistych potrzeb i korzy\u015bci. Nie powinni oni r\u00f3wnie\u017c ocenia\u0107 tekst\u00f3w, w przypadku kt\u00f3rych mo\u017ce wyst\u0119powa\u0107 konflikt interes\u00f3w z autorem\/autorami.<\/li>\n<li id=\"u3511-22\">Recenzja tekst\u00f3w prowadzona jest w formacie double-blind review. Ka\u017cdy artyku\u0142 sprawdzany jest przez przynajmniej\u00a0 dw\u00f3ch recenzent\u00f3w.<\/li>\n<\/ul>\n<p>&nbsp;<\/p>\n<p id=\"u3511-26\"><strong>ETYKA WYDAWNICZA:<\/strong><\/p>\n<p id=\"u3511-29\"><strong><span id=\"u3511-28\">Zasady dotycz\u0105ce cz\u0142onk\u00f3w redakcji:<\/span><\/strong><\/p>\n<ul id=\"u3511-46\" class=\"list0 nls-None\">\n<li id=\"u3511-31\">Redakcja monitoruje standardy etyczne publikacji naukowych i podejmuje wszelkie mo\u017cliwe \u015brodki przeciwko wszelkim nadu\u017cyciom zwi\u0105zanym z publikacj\u0105.<\/li>\n<li id=\"u3511-33\">Przed\u0142o\u017cone manuskrypty s\u0105 oceniane pod k\u0105tem zawarto\u015bci intelektualnej bez wzgl\u0119du na ras\u0119, p\u0142e\u0107, orientacj\u0119 seksualn\u0105, przekonania religijne, obywatelstwo lub ideologi\u0119 polityczn\u0105.<\/li>\n<li id=\"u3511-35\">Redaktor jest odpowiedzialny za podj\u0119cie decyzji, kt\u00f3re z nades\u0142anych artyku\u0142\u00f3w powinny lub nie powinny zosta\u0107 opublikowane. Decyzja o przyj\u0119ciu lub odrzuceniu artyku\u0142u do publikacji opiera si\u0119 na jego znaczeniu, oryginalno\u015bci, przejrzysto\u015bci i znaczeniu dla zakresu czasopisma.<\/li>\n<li id=\"u3511-37\">Redaktor i cz\u0142onkowie redakcji musz\u0105 dopilnowa\u0107, aby wszystkie materia\u0142y przed\u0142o\u017cone do czasopisma pozosta\u0142y poufne. Nie wolno im ujawnia\u0107 \u017cadnych informacji o przes\u0142anym manuskrypcie \u017cadnym osobom poza autorami, recenzentami, potencjalnymi recenzentami, innymi doradcami redakcyjnymi i wydawc\u0105.<\/li>\n<li id=\"u3511-39\">Redaktorzy zaznaczaj\u0105 poprawki i odwo\u0142ania, gdy zajdzie taka potrzeba,<\/li>\n<li id=\"u3511-41\">a w przypadku podejrzenia lub domniemanego niew\u0142a\u015bciwego prowadzenia bada\u0144 i publikacji s\u0105 zobligowani do zg\u0142oszenia podejrzenia plagiatu.<\/li>\n<li id=\"u3511-43\">Redakcja zawsze jest gotowa opublikowa\u0107 poprawki, wyja\u015bnienia, wycofania i przeprosiny w razie potrzeby.<\/li>\n<li>Redaktorzy rozwa\u017c\u0105 wycofanie publikacji, je\u015bli:\n<ul>\n<li>maj\u0105 wyra\u017any dow\u00f3d, \u017ce wyniki s\u0105 niewiarygodne, albo w wyniku niew\u0142a\u015bciwego post\u0119powania (np. wytwarzania danych), albo uczciwego b\u0142\u0119du (np. b\u0142\u0119dnej kalkulacji lub b\u0142\u0119du eksperymentalnego);<\/li>\n<li>\u00a0ustalenia zosta\u0142y wcze\u015bniej opublikowane w innym miejscu bez odpowiedniego odsy\u0142acza, pozwolenia lub uzasadnienia (przypadki zb\u0119dnej publikacji);<\/li>\n<li>stanowi plagiat lub zg\u0142asza nieetyczne badania.<\/li>\n<\/ul>\n<\/li>\n<li id=\"u3511-55\">Zawiadomienie o wycofaniu powinno by\u0107 powi\u0105zane z wycofanym artyku\u0142em (poprzez umieszczenie tytu\u0142u i autor\u00f3w w nag\u0142\u00f3wku wycofania), wyra\u017anie zidentyfikowa\u0107 wycofany artyku\u0142 i okre\u015bli\u0107, kto wycofuje artyku\u0142. W informacjach o wycofywaniu nale\u017cy zawsze podawa\u0107 pow\u00f3d (przyczyny) wycofania, aby odr\u00f3\u017cni\u0107 uczciwy b\u0142\u0105d od niew\u0142a\u015bciwego post\u0119powania.<\/li>\n<li id=\"u3511-58\">Z\u0142o\u017cone artyku\u0142y nie zostan\u0105 usuni\u0119te z drukowanych kopii czasopisma ani z archiw\u00f3w elektronicznych, ale ich status schowany zostanie zaznaczony tak wyra\u017anie, jak to mo\u017cliwe.<\/li>\n<\/ul>\n<p>&nbsp;<\/p>\n<p id=\"u3511-62\"><strong><span id=\"u3511-61\">Zasady dotycz\u0105ce autor\u00f3w:<\/span><\/strong><\/p>\n<ul id=\"u3511-79\" class=\"list0 nls-None\">\n<li id=\"u3511-64\">Autorzy raport\u00f3w z bada\u0144 oryginalnych powinni przedstawi\u0107 dok\u0142adny opis wykonanej pracy oraz obiektywn\u0105 dyskusj\u0119 o jej znaczeniu. Dane podstawowe powinny by\u0107 dok\u0142adnie przedstawione w artykule. Wytwarzanie wynik\u00f3w i dokonywanie nieuczciwych lub niedok\u0142adnych stwierdze\u0144 stanowi nieetyczne zachowanie i mo\u017ce spowodowa\u0107 odrzucenie lub wycofanie manuskryptu lub opublikowanego artyku\u0142u.<\/li>\n<li id=\"u3511-66\">Autorzy powinni upewni\u0107 si\u0119, \u017ce napisali ca\u0142kowicie oryginalne prace, a je\u015bli wykorzystali prac\u0119 i \/ lub s\u0142owa innych, musz\u0105 by\u0107 cytowane. Plagiaty s\u0105 niedopuszczalne.<\/li>\n<li id=\"u3511-68\">Autorzy mog\u0105 zosta\u0107 poproszeni o dostarczenie nieprzetworzonych danych do przegl\u0105du redakcyjnego, powinni by\u0107 przygotowani do publicznego udost\u0119pnienia takich danych i powinni by\u0107 przygotowani do przechowywania takich danych przez odpowiedni czas po publikacji ich pracy.<\/li>\n<li id=\"u3511-70\">Autorzy nie powinni zasadniczo publikowa\u0107 manuskryptu opisuj\u0105cego zasadniczo to samo badanie w wi\u0119cej ni\u017c jednym czasopi\u015bmie. Przesy\u0142anie tego samego r\u0119kopisu do wi\u0119cej ni\u017c jednego czasopisma jednocze\u015bnie stanowi nieetyczne zachowanie w zakresie publikowania i jest niedopuszczalne.<\/li>\n<li id=\"u3511-72\">Autorstwo powinno by\u0107 ograniczone do tych, kt\u00f3rzy wnie\u015bli znacz\u0105cy wk\u0142ad w koncepcj\u0119, projekt, wykonanie lub interpretacj\u0119 badania raportu. Wszyscy, kt\u00f3rzy wnie\u015bli wk\u0142ad, powinni by\u0107 wymienieni jako wsp\u00f3\u0142autorzy.<\/li>\n<li id=\"u3511-74\">Odpowiedni autor powinien upewni\u0107 si\u0119, \u017ce wszyscy wsp\u00f3\u0142autorzy obejrzeli i zatwierdzili ostateczn\u0105 wersj\u0119 pracy i zgodzili si\u0119 na jej przekazanie do publikacji.<\/li>\n<li id=\"u3511-76\">Zawsze nale\u017cy poda\u0107 w\u0142a\u015bciwe uznanie pracy innych. Autorzy powinni cytowa\u0107 publikacje, kt\u00f3re mia\u0142y wp\u0142yw na okre\u015blenie zakresu zg\u0142aszanej pracy.<\/li>\n<li id=\"u3511-78\">Gdy autor odkryje znacz\u0105cy b\u0142\u0105d lub niedok\u0142adno\u015b\u0107 w swoim w\u0142asnym opublikowanym dziele, powinien niezw\u0142oczne powiadomi\u0107 redaktora lub wydawc\u0119.<\/li>\n<\/ul>\n<p>&nbsp;<\/p>\n<p id=\"u3511-82\"><strong><span id=\"u3511-81\">Zasady dotycz\u0105ce recenzent\u00f3w:<\/span><\/strong><\/p>\n<ul id=\"u3511-96\" class=\"list0 nls-None\">\n<li id=\"u3511-85\">Recenzje pomagaj\u0105 redaktorowi w podejmowaniu decyzji redakcyjnych, a tak\u017ce mog\u0105 pom\u00f3c autorom w ulepszeniu ich r\u0119kopisu.<\/li>\n<li id=\"u3511-87\">Ka\u017cdy wybrany recenzent, kt\u00f3ry czuje si\u0119 niewykwalifikowany do przegl\u0105du bada\u0144 zg\u0142oszonych w r\u0119kopisie lub wie, \u017ce jego terminowa kontrola b\u0119dzie niemo\u017cliwa, powinien powiadomi\u0107 redaktora i usprawiedliwi\u0107 si\u0119 z procesu przegl\u0105du.<\/li>\n<li id=\"u3511-89\">Ca\u0142y manuskrypt otrzymany do przegl\u0105du musi by\u0107 traktowany jako dokument poufny. Nie wolno ich pokazywa\u0107 ani omawia\u0107 z innymi osobami, z wyj\u0105tkiem os\u00f3b upowa\u017cnionych przez redaktora.<\/li>\n<li id=\"u3511-91\">Opinie powinny by\u0107 prowadzone obiektywnie. Osobista krytyka autora jest niew\u0142a\u015bciwa. Recenzenci powinni jasno wyra\u017ca\u0107 swoje pogl\u0105dy za pomoc\u0105 odpowiednich argument\u00f3w wspieraj\u0105cych.<\/li>\n<li id=\"u3511-93\">Recenzenci powinni zidentyfikowa\u0107 odpowiednie opublikowane prace, kt\u00f3re nie zosta\u0142y wymienione przez autor\u00f3w. Wszelkie znacz\u0105ce podobie\u0144stwa lub nak\u0142adki mi\u0119dzy rozpatrywanym manuskryptem a jakimkolwiek innym opublikowanym dokumentem nale\u017cy zg\u0142asza\u0107 redaktorowi.<\/li>\n<li id=\"u3511-95\">Uprzywilejowane informacje lub pomys\u0142y uzyskane w wyniku wzajemnej oceny musz\u0105 by\u0107 poufne i nie mog\u0105 s\u0142u\u017cy\u0107 osobistej korzy\u015bci. Recenzenci nie powinni rozwa\u017ca\u0107 oceny manuskrypt\u00f3w, w kt\u00f3rych wyst\u0119puj\u0105 konflikty interes\u00f3w wynikaj\u0105ce z relacji konkurencyjnych, wsp\u00f3\u0142pracy lub innych relacji z \u017cadnym z autor\u00f3w, firm lub instytucji zaanga\u017cowanych w pisanie artyku\u0142u.<\/li>\n<\/ul>\n<p>&nbsp;<\/p>\n<p id=\"u3511-99\"><strong>ZASADY POST\u0118POWANIA W PRZYPADKU WYKRYCIA NIERZETELNO\u015aCI BADA\u0143:<\/strong><\/p>\n<ul id=\"u3511-110\" class=\"list0 nls-None\">\n<li id=\"u3511-101\">\u201eNierzetelno\u015b\u0107\u201d lub \u201enaukowa nierzetelno\u015b\u0107\u201d s\u0105 rozumiane jako fabrykacja, fa\u0142szowanie, plagiat lub inne dzia\u0142ania znacz\u0105co odbiegaj\u0105ce od zasad rzetelno\u015bci prowadzenia bada\u0144 i dzielenia si\u0119 ich wynikami.<\/li>\n<li id=\"u3511-103\">Do dzia\u0142a\u0144 uznawanych za nierzetelno\u015b\u0107 naukow\u0105 nale\u017c\u0105, m.in. umieszczanie w wykazie autor\u00f3w os\u00f3b, kt\u00f3re nie wyrazi\u0142y na to zgody; przypisywanie autorstwa osobom, kt\u00f3re nie bra\u0142y udzia\u0142u w przeprowadzaniu i opracowywaniu bada\u0144; oraz brak wiedzy o merytorycznym wk\u0142adzie student\u00f3w, sta\u017cyst\u00f3w lub innych os\u00f3b zaanga\u017cowanych w badania.<\/li>\n<li id=\"u3511-105\">Do dzia\u0142a\u0144 tych nie s\u0105 zaliczane nie\u015bwiadome b\u0142\u0119dy lub r\u00f3\u017cnice w interpretacji oraz ocenie danych i materia\u0142\u00f3w \u017ar\u00f3d\u0142owych.<\/li>\n<li id=\"u3511-107\">Naukowiec lub recenzent nie powinni \u015bwiadomie lub nie\u015bwiadomie:\n<ul>\n<li>Pope\u0142nia\u0107 plagiatu;<\/li>\n<li>Wykorzystywa\u0107 informacji zwartych w recenzowanych materia\u0142ach w spos\u00f3b naruszaj\u0105cych ich poufno\u015b\u0107;<\/li>\n<li>Ignorowa\u0107 wynik\u00f3w ju\u017c opublikowanych prac w celu wykazania innowacyjno\u015bci prowadzonych przez siebie bada\u0144.<\/li>\n<li>Naukowiec lub recenzent nie powinni \u015bwiadomie i bez wyra\u017anej zgody przejmowa\u0107, wykorzystywa\u0107 lub niszczy\u0107 jakichkolwiek narz\u0119dzi lub materia\u0142\u00f3w naukowcy nale\u017c\u0105cych do innej osoby.<\/li>\n<\/ul>\n<\/li>\n<\/ul>\n<\/div><\/div>\n<div class=\"su-spoiler su-spoiler-style-default su-spoiler-icon-arrow su-spoiler-closed\" data-scroll-offset=\"0\" data-anchor-in-url=\"no\"><div class=\"su-spoiler-title\" tabindex=\"0\" role=\"button\"><span class=\"su-spoiler-icon\"><\/span>Zasady sk\u0142adania artyku\u0142\u00f3w do redakcji<\/div><div class=\"su-spoiler-content su-u-clearfix su-u-trim\">\n<p>Artyku\u0142y do PUA \u2013 PRZESTRZE\u0143\/URBANISTYKA\/ARCHITEKTURA prosimy kierowa\u0107 w wersji elektronicznej (w plikach programu Word) na adres e-mailowy redaktora naczelnego: <a>mateusz.gyurkovich@pk.edu.pl<\/a>. Przed przes\u0142aniem artyku\u0142u w dw\u00f3ch wersjach j\u0119zykowych (polsko- i angloj\u0119zycznej) prosimy o upewnienie si\u0119, czy spe\u0142nia on wymagania redakcyjne (dost\u0119pne w osobnej zak\u0142adce). Autor\u00f3w z Politechniki Krakowskiej prosimy o wpisanie uprzednio planowanego artyku\u0142u do Plan\u00f3w Wydawniczych dost\u0119pnych na Wydzia\u0142ach.<\/p>\n<p>PUA jest p\u00f3\u0142rocznikiem. Przewiduje si\u0119 wydawanie 2 numer\u00f3w rocznie.<\/p>\n<p>Op\u0142ata za wydanie artyku\u0142u wynosi 200 z\u0142.<\/p>\n<p><strong>Tok prac nad artyku\u0142ami:<\/strong><\/p>\n<ul>\n<li>Artyku\u0142, kt\u00f3rego format jest wst\u0119pnie zaakceptowany przez redakcj\u0119, zostaje skierowany do redaktora naukowego serii, kt\u00f3ry wyznacza dw\u00f3ch recenzent\u00f3w (spoza jednostki, w kt\u00f3rej zatrudniony jest autor).<\/li>\n<li>Tekst kierowany jest do recenzji. Recenzenci maj\u0105 6 tygodni na przygotowanie opinii o tek\u015bcie. W przypadku braku odpowiedzi lub odmowy wyznaczani s\u0105 nowi recenzenci, w zwi\u0105zku z czym czas recenzowania mo\u017ce trwa\u0107 nawet do p\u00f3\u0142 roku od momentu z\u0142o\u017cenia artyku\u0142u.<\/li>\n<li>Komplet recenzji przesy\u0142any jest do autora niezw\u0142ocznie. Autor w wyznaczonym przez redakcj\u0119 terminie nanosi poprawki i odsy\u0142a tekst. W\u00f3wczas zostaje poinformowany, w kt\u00f3rym numerze zostanie opublikowany jego artyku\u0142.<\/li>\n<li>Redakcja opracowuje artyku\u0142 polskoj\u0119zyczny j\u0119zykowo, natomiast <strong>za poprawno\u015b\u0107 j\u0119zykow\u0105 artyku\u0142u w wersji angloj\u0119zycznej odpowiada auto<\/strong>r.<\/li>\n<li>Redakcja przygotowuje sk\u0142ad komputerowy i \u0142amanie artyku\u0142\u00f3w w obu wersjach j\u0119zykowych w programie InDesign, a nast\u0119pnie kieruje do autora wersje ostateczne w formacie PDF.<\/li>\n<li>Po uzyskaniu akceptacji od wszystkich autor\u00f3w artyku\u0142\u00f3w przewidzianych do druku w danym numerze zeszyt PUA przekazywany jest do Repozytorium PK \u2013 gdzie publikowane s\u0105 wersje elektroniczne.<\/li>\n<li>Od roku 2021 redakcja nie przewiduje wersji drukowanych.<\/li>\n<\/ul>\n<\/div><\/div>\n<div class=\"su-spoiler su-spoiler-style-default su-spoiler-icon-arrow su-spoiler-closed\" data-scroll-offset=\"0\" data-anchor-in-url=\"no\"><div class=\"su-spoiler-title\" tabindex=\"0\" role=\"button\"><span class=\"su-spoiler-icon\"><\/span>Wymagania redakcyjne<\/div><div class=\"su-spoiler-content su-u-clearfix su-u-trim\">\n<a href=\"https:\/\/pua.arch.pk.edu.pl\/wp-content\/uploads\/2026\/04\/PUA-wytyczne-APA-2026-2.docx\">Instrukcja wydawnicza (plik word)<\/a><\/p>\n<p><a href=\"https:\/\/pua.arch.pk.edu.pl\/wp-content\/uploads\/2026\/04\/PUA-wytyczne-APA-2026.pdf\">Instrukcja wydawnicza (plik pdf)<\/a><br \/>\n<\/div><\/div>\n<div class=\"su-spoiler su-spoiler-style-default su-spoiler-icon-arrow su-spoiler-closed\" data-scroll-offset=\"0\" data-anchor-in-url=\"no\"><div class=\"su-spoiler-title\" tabindex=\"0\" role=\"button\"><span class=\"su-spoiler-icon\"><\/span>Zasady recenzowania artyku\u0142\u00f3w<\/div><div class=\"su-spoiler-content su-u-clearfix su-u-trim\">\n<p>1. Ka\u017cdy artyku\u0142 jest recenzowany przez dw\u00f3ch recenzent\u00f3w spoza jednostki macierzystej autora (autor\u00f3w).<br \/>\n2. Recenzja ma form\u0119 pisemn\u0105 i ko\u0144czy si\u0119 jednoznacznym okre\u015bleniem, czy dany artyku\u0142 kwalifikuje si\u0119 do opublikowania w PUA.<br \/>\n3. Nazwiska recenzent\u00f3w s\u0105 tajne, obowi\u0105zuje zasada \u201edouble-blind review proces\u201d.<br \/>\n4. Lista wszystkich recenzent\u00f3w jest publikowana na stronie internetowej czasopisma PUA \u2013 PRZESTRZE\u0143-URBANISTYKA-ARCHITEKTURA<br \/>\n<\/div><\/div>\n<div class=\"su-spoiler su-spoiler-style-default su-spoiler-icon-arrow su-spoiler-closed\" data-scroll-offset=\"0\" data-anchor-in-url=\"no\"><div class=\"su-spoiler-title\" tabindex=\"0\" role=\"button\"><span class=\"su-spoiler-icon\"><\/span>Pliki do pobrania<\/div><div class=\"su-spoiler-content su-u-clearfix su-u-trim\">\n<strong>Pliki .docx (word)<\/strong><\/p>\n<ul>\n<li><a href=\"https:\/\/pua.arch.pk.edu.pl\/wp-content\/uploads\/2026\/04\/PUA-wytyczne-APA-2026-2.docx\">Instrukcja wydawnicza<\/a><\/li>\n<li><a href=\"https:\/\/pua.arch.pk.edu.pl\/wp-content\/uploads\/2024\/10\/PUA_oswiadczenie-autora.docx\">O\u015bwiadczenie autora<\/a><\/li>\n<li><a href=\"http:\/\/pua.arch.pk.edu.pl\/wp-content\/uploads\/2024\/07\/PUA_recenzja.docx\">Recenzja<\/a><\/li>\n<\/ul>\n<p><strong>Pliki .pdf<\/strong><\/p>\n<ul>\n<li><a href=\"https:\/\/pua.arch.pk.edu.pl\/wp-content\/uploads\/2026\/04\/PUA-wytyczne-APA-2026.pdf\">Instrukcja wydawnicza<\/a><\/li>\n<li><a href=\"https:\/\/pua.arch.pk.edu.pl\/wp-content\/uploads\/2024\/10\/PUA_oswiadczenie-autora.pdf\">O\u015bwiadczenie autora<\/a><\/li>\n<li><a href=\"http:\/\/pua.arch.pk.edu.pl\/wp-content\/uploads\/2024\/07\/PUA_recenzja.pdf\">Recenzja<\/a><\/li>\n<\/ul>\n<\/div><\/div>\n<\/div>\n","protected":false},"excerpt":{"rendered":"","protected":false},"author":2,"featured_media":0,"parent":0,"menu_order":0,"comment_status":"closed","ping_status":"closed","template":"","meta":{"footnotes":""},"class_list":["post-89","page","type-page","status-publish","hentry"],"_links":{"self":[{"href":"https:\/\/pua.arch.pk.edu.pl\/index.php\/wp-json\/wp\/v2\/pages\/89","targetHints":{"allow":["GET"]}}],"collection":[{"href":"https:\/\/pua.arch.pk.edu.pl\/index.php\/wp-json\/wp\/v2\/pages"}],"about":[{"href":"https:\/\/pua.arch.pk.edu.pl\/index.php\/wp-json\/wp\/v2\/types\/page"}],"author":[{"embeddable":true,"href":"https:\/\/pua.arch.pk.edu.pl\/index.php\/wp-json\/wp\/v2\/users\/2"}],"replies":[{"embeddable":true,"href":"https:\/\/pua.arch.pk.edu.pl\/index.php\/wp-json\/wp\/v2\/comments?post=89"}],"version-history":[{"count":16,"href":"https:\/\/pua.arch.pk.edu.pl\/index.php\/wp-json\/wp\/v2\/pages\/89\/revisions"}],"predecessor-version":[{"id":158,"href":"https:\/\/pua.arch.pk.edu.pl\/index.php\/wp-json\/wp\/v2\/pages\/89\/revisions\/158"}],"wp:attachment":[{"href":"https:\/\/pua.arch.pk.edu.pl\/index.php\/wp-json\/wp\/v2\/media?parent=89"}],"curies":[{"name":"wp","href":"https:\/\/api.w.org\/{rel}","templated":true}]}}